{"id":25,"date":"2022-01-03T10:46:26","date_gmt":"2022-01-03T10:46:26","guid":{"rendered":"https:\/\/cyber-conf.com\/syscom2022\/?page_id=25"},"modified":"2022-09-12T13:16:12","modified_gmt":"2022-09-12T13:16:12","slug":"committees","status":"publish","type":"page","link":"https:\/\/cyber-conf.com\/syscom2022\/index.php\/committees\/","title":{"rendered":"Committees"},"content":{"rendered":"\t\t<div data-elementor-type=\"wp-page\" data-elementor-id=\"25\" class=\"elementor elementor-25\" data-elementor-settings=\"[]\">\n\t\t\t\t\t\t\t<div class=\"elementor-section-wrap\">\n\t\t\t\t\t\t\t<section class=\"elementor-section elementor-top-section elementor-element elementor-element-066b1bb elementor-section-boxed elementor-section-height-default elementor-section-height-default\" data-id=\"066b1bb\" data-element_type=\"section\">\n\t\t\t\t\t\t<div class=\"elementor-container elementor-column-gap-default\">\n\t\t\t\t\t<div class=\"elementor-column elementor-col-33 elementor-top-column elementor-element elementor-element-352294e\" data-id=\"352294e\" data-element_type=\"column\">\n\t\t\t<div class=\"elementor-widget-wrap\">\n\t\t\t\t\t\t\t\t\t<\/div>\n\t\t<\/div>\n\t\t\t\t<div class=\"elementor-column elementor-col-33 elementor-top-column elementor-element elementor-element-423ff0e\" data-id=\"423ff0e\" data-element_type=\"column\">\n\t\t\t<div class=\"elementor-widget-wrap elementor-element-populated\">\n\t\t\t\t\t\t\t\t<div class=\"elementor-element elementor-element-ad0c22e elementor-widget elementor-widget-heading\" data-id=\"ad0c22e\" data-element_type=\"widget\" data-widget_type=\"heading.default\">\n\t\t\t\t<div class=\"elementor-widget-container\">\n\t\t\t<style>\/*! elementor - v3.5.3 - 28-12-2021 *\/\n.elementor-heading-title{padding:0;margin:0;line-height:1}.elementor-widget-heading .elementor-heading-title[class*=elementor-size-]>a{color:inherit;font-size:inherit;line-height:inherit}.elementor-widget-heading .elementor-heading-title.elementor-size-small{font-size:15px}.elementor-widget-heading .elementor-heading-title.elementor-size-medium{font-size:19px}.elementor-widget-heading .elementor-heading-title.elementor-size-large{font-size:29px}.elementor-widget-heading .elementor-heading-title.elementor-size-xl{font-size:39px}.elementor-widget-heading .elementor-heading-title.elementor-size-xxl{font-size:59px}<\/style><h2 class=\"elementor-heading-title elementor-size-default\">Committees<\/h2>\t\t<\/div>\n\t\t\t\t<\/div>\n\t\t\t\t<div class=\"elementor-element elementor-element-d2c920d elementor-widget elementor-widget-text-editor\" data-id=\"d2c920d\" data-element_type=\"widget\" data-widget_type=\"text-editor.default\">\n\t\t\t\t<div class=\"elementor-widget-container\">\n\t\t\t<style>\/*! elementor - v3.5.3 - 28-12-2021 *\/\n.elementor-widget-text-editor.elementor-drop-cap-view-stacked .elementor-drop-cap{background-color:#818a91;color:#fff}.elementor-widget-text-editor.elementor-drop-cap-view-framed .elementor-drop-cap{color:#818a91;border:3px solid;background-color:transparent}.elementor-widget-text-editor:not(.elementor-drop-cap-view-default) .elementor-drop-cap{margin-top:8px}.elementor-widget-text-editor:not(.elementor-drop-cap-view-default) .elementor-drop-cap-letter{width:1em;height:1em}.elementor-widget-text-editor .elementor-drop-cap{float:left;text-align:center;line-height:1;font-size:50px}.elementor-widget-text-editor .elementor-drop-cap-letter{display:inline-block}<\/style>\t\t\t\t<div><p><strong>Honorary Chair:<\/strong><\/p><p>Andrew Ip, University of Saskatchewan, Canada<\/p><\/div><div><p>Michael Sheng, Macquarie University, Sydney, Australia<br \/>Marjan Kuchaki Rafsanjani , Shahid Bahonar University of Kerman, Kerman, Iran<br \/>Francesco Palmieri, University of Salerno, Italy<\/p><div>\u00a0<\/div><div><strong>General Chair:<\/strong><\/div><div>Nadia Nedjah, State University of Rio de Janeiro, Brazil<\/div><div>Gregorio Martinez Perez, University of Murcia (UMU), Spain\u00a0<\/div><div>Dragan Perakovi\u0107, University of Zagreb, Croatia<\/div><p>Justin Zhang, University of North Florida, USA<\/p><p>\u00a0<\/p><p><strong>Program Chairs<\/strong><\/p><\/div><div>Francesco Colace, University of Salerno, Italy<\/div><div>Brij Gupta, Asia University, Taiwan<\/div><div><p>Kwok Tai Chui, The Open University of Hong Kong, Hong Kong<\/p><p>\u00a0<\/p><\/div><div><p><strong>Publicity Chairs<\/strong><\/p><p>Konstantinos Psannis, University of Macedonia, Greece.<strong><br \/><\/strong><\/p><p>Raffaele PIZZOLANTE, University of Salerno, Italy<br \/>Zhili Zhou, Nanjing university of information science and technology, NUIST, China<\/p><p>\u00a0<\/p><p><strong>Publication Chairs<\/strong>\u00a0<\/p><p>Arcangelo Castiglione, University of Salerno, Fisciano, Salerno, Italy<br \/>Alberto Huertas, University of Murcia (UMU), Spain<\/p><p>\u00a0<\/p><\/div><div><p><strong>Industry Chairs<\/strong><\/p><p>Xiaojun Chang, Monash University Clayton Campus, Australia<\/p><p>Sugam Sharma, Founder &amp; CEO, eFeed-Hungers.com, USA<\/p><p>Srivathsan Srinivasagopalan, AT&amp;T, USA<\/p><p>Deepak Gupta, Founder and CEO, LoginRadius Inc., Canada\u00a0\u00a0<br \/>Suresh Veluru, United Technologies Research Centre Ireland, Ltd., Ireland<\/p><p>\u00a0<\/p><p><strong>Technical Program Committee<\/strong><\/p><p>Imran Razzak, Deakin University, Australia<\/p><\/div><div>Milad Taleby Ahvanooey, Nanjing University (NJU), P.R. China<br \/>Andrea Bruno, University of Salerno, Italy \u00a0 \u00a0 \u00a0<br \/>Miltiadis D. Lytras, The American College of Greece, Greece\u00a0 \u00a0 \u00a0\u00a0<br \/>Arcangelo Castiglione, University of Salerno, Fisciano, Salerno, Italy<br \/>Anupama Mishra, Swami Rama Himalayan University, Dehradun, India \u00a0 \u00a0<br \/>Manish Kumar Goyal, Indian Institute of Technology Indore, India<br \/>Yining Liu, Guilin University of Electronic Technology, China \u00a0<br \/>Dr. Ammar Almomani, Al- Balqa Applied University, Jordan \u00a0 \u00a0<br \/>Balwinder Raj, National Institute of Technology Jalandhar, India<br \/>Francisco Jos\u00e9 Garc\u00eda-Pe\u00f1alvo, University of Salamanca, Spain<br \/>Ching-Hsien Hsu, Asia University, Taiwan<br \/>Jinsong Wu, University of Chile, Chile<br \/>Shingo YAMAGUCHI Yamaguchi University, Japan<br \/>Xiaochun Cheng, Middlesex University, London, UK<br \/>Andrew Ip, University of Saskatchewan, Canada<br \/>Michael Sheng, Macquarie University, Sydney, Australia<br \/>Dragan Perakovi\u0107, University of Zagreb, Croatia<br \/>Kuan-Ching Li, Providence University, Taiwan<br \/>Anagha Jamthe, University of Texas, Austin, USA<\/div><div>Aniket Mahanti, The University of Auckland, New Zealand<br \/>Suryadip Chakraborty, Johnson C. Smith University, USA<br \/>Tu N. Nguyen, Kennesaw State University, USA<br \/>Virendra Bhavsar, Univ. of New Brunswick, Canada<br \/>Justin Zhang, University of North Florida, USA<br \/>Chinthaka Premachandra, Shibaura Institute of Technology, Japan<br \/>Mohammed Ali, University of Manchester, UK<br \/>Aniket Mahanti, University of Auckland, New Zealand<br \/>T. Perumal, Universiti Putra Malaysia (UPM), Malaysia<\/div><div>Marjan Kuchaki Rafsanjani, Shahid Bahonar University of Kerman, Kerman, Iran<br \/>Rajhans Mishra, Indian Institute of Management Indore, India<br \/>Srivathsan Srinivasagopalan, AT&amp;T, USA<br \/>Sugam Sharma, Iowa State University, United States<br \/>Suresh Veluru, United Technologies Research Centre Ireland, Ltd., Ireland<br \/>Manoj Gupta, SMVDU, Katra, Jammu and Kashmir, India<br \/>Francesco Palmieri, University of Salerno, Italy<br \/>T. P. sharma, NIT Hamirpur<br \/>Pethuru Raj, Vice President, Reliance Jio Infocomm. Ltd (RJIL), India<br \/>S. K. Gupta, Indian Institute of Technology Delhi, India<br \/>Mouna jouini, \u00a0 \u00a0SMART Laboratory, University of Tunis, Tunisia<br \/>Angela Amphawan, University Malaysia, Malaysia<br \/>Phuc Do, University of Information Technology, Vietnam<br \/>Ahmed M. Manasrah \u00a0 \u00a0 \u00a0 Higher colleges of Technology, Sharjah, UAE<br \/>Dharma P. Agrawal, University of Cincinnati, USA<br \/>Ahmed A. Abd El-Latif, Menoufia University Egypt<\/div>\t\t\t\t\t\t<\/div>\n\t\t\t\t<\/div>\n\t\t\t\t\t<\/div>\n\t\t<\/div>\n\t\t\t\t<div class=\"elementor-column elementor-col-33 elementor-top-column elementor-element elementor-element-fd086b1\" data-id=\"fd086b1\" data-element_type=\"column\">\n\t\t\t<div class=\"elementor-widget-wrap\">\n\t\t\t\t\t\t\t\t\t<\/div>\n\t\t<\/div>\n\t\t\t\t\t\t\t<\/div>\n\t\t<\/section>\n\t\t\t\t\t\t<\/div>\n\t\t\t\t\t<\/div>\n\t\t","protected":false},"excerpt":{"rendered":"<p>Committees Honorary Chair: Andrew Ip, University of Saskatchewan, Canada Michael Sheng, Macquarie University, Sydney, AustraliaMarjan Kuchaki Rafsanjani , Shahid Bahonar University of Kerman, Kerman, IranFrancesco Palmieri, University of Salerno, Italy \u00a0General Chair:Nadia Nedjah, State University of Rio de Janeiro, BrazilGregorio Martinez Perez, University of Murcia (UMU), Spain\u00a0Dragan Perakovi\u0107, University of Zagreb, Croatia Justin Zhang, University<a class=\"more-link\" href=\"https:\/\/cyber-conf.com\/syscom2022\/index.php\/committees\/\">Continue reading <span class=\"screen-reader-text\">&#8220;Committees&#8221;<\/span><\/a><\/p>\n","protected":false},"author":1,"featured_media":0,"parent":0,"menu_order":0,"comment_status":"closed","ping_status":"closed","template":"elementor_header_footer","meta":{"om_disable_all_campaigns":false,"_monsterinsights_skip_tracking":false,"_monsterinsights_sitenote_active":false,"_monsterinsights_sitenote_note":"","_monsterinsights_sitenote_category":0},"_links":{"self":[{"href":"https:\/\/cyber-conf.com\/syscom2022\/index.php\/wp-json\/wp\/v2\/pages\/25"}],"collection":[{"href":"https:\/\/cyber-conf.com\/syscom2022\/index.php\/wp-json\/wp\/v2\/pages"}],"about":[{"href":"https:\/\/cyber-conf.com\/syscom2022\/index.php\/wp-json\/wp\/v2\/types\/page"}],"author":[{"embeddable":true,"href":"https:\/\/cyber-conf.com\/syscom2022\/index.php\/wp-json\/wp\/v2\/users\/1"}],"replies":[{"embeddable":true,"href":"https:\/\/cyber-conf.com\/syscom2022\/index.php\/wp-json\/wp\/v2\/comments?post=25"}],"version-history":[{"count":16,"href":"https:\/\/cyber-conf.com\/syscom2022\/index.php\/wp-json\/wp\/v2\/pages\/25\/revisions"}],"predecessor-version":[{"id":292,"href":"https:\/\/cyber-conf.com\/syscom2022\/index.php\/wp-json\/wp\/v2\/pages\/25\/revisions\/292"}],"wp:attachment":[{"href":"https:\/\/cyber-conf.com\/syscom2022\/index.php\/wp-json\/wp\/v2\/media?parent=25"}],"curies":[{"name":"wp","href":"https:\/\/api.w.org\/{rel}","templated":true}]}}